{"id":481,"date":"2024-07-29T13:31:50","date_gmt":"2024-07-29T13:31:50","guid":{"rendered":"https:\/\/chalet-alpakablick.at\/?page_id=481"},"modified":"2024-07-29T13:47:27","modified_gmt":"2024-07-29T13:47:27","slug":"impressum","status":"publish","type":"page","link":"https:\/\/chalet-alpakablick.at\/en\/impressum\/","title":{"rendered":"Imprint"},"content":{"rendered":"<div data-elementor-type=\"wp-page\" data-elementor-id=\"481\" class=\"elementor elementor-481\" data-elementor-post-type=\"page\">\n\t\t\t\t\t\t<section class=\"elementor-section elementor-top-section elementor-element elementor-element-065b217 elementor-section-boxed elementor-section-height-default elementor-section-height-default\" data-id=\"065b217\" data-element_type=\"section\" data-settings=\"{&quot;background_background&quot;:&quot;classic&quot;}\">\n\t\t\t\t\t\t\t<div class=\"elementor-background-overlay\"><\/div>\n\t\t\t\t\t\t\t<div class=\"elementor-container elementor-column-gap-default\">\n\t\t\t\t\t<div class=\"elementor-column elementor-col-100 elementor-top-column elementor-element elementor-element-0cef662\" data-id=\"0cef662\" data-element_type=\"column\">\n\t\t\t<div class=\"elementor-widget-wrap elementor-element-populated\">\n\t\t\t\t\t\t<div class=\"elementor-element elementor-element-4af6e28 elementor-widget elementor-widget-heading\" data-id=\"4af6e28\" data-element_type=\"widget\" data-widget_type=\"heading.default\">\n\t\t\t\t<div class=\"elementor-widget-container\">\n\t\t\t\t\t<h1 class=\"elementor-heading-title elementor-size-default\">Imprint<\/h1>\t\t\t\t<\/div>\n\t\t\t\t<\/div>\n\t\t\t\t\t<\/div>\n\t\t<\/div>\n\t\t\t\t\t<\/div>\n\t\t<\/section>\n\t\t\t\t<section class=\"elementor-section elementor-top-section elementor-element elementor-element-18c4469 elementor-section-boxed elementor-section-height-default elementor-section-height-default\" data-id=\"18c4469\" data-element_type=\"section\">\n\t\t\t\t\t\t<div class=\"elementor-container elementor-column-gap-default\">\n\t\t\t\t\t<div class=\"elementor-column elementor-col-100 elementor-top-column elementor-element elementor-element-0b12ef3\" data-id=\"0b12ef3\" data-element_type=\"column\">\n\t\t\t<div class=\"elementor-widget-wrap elementor-element-populated\">\n\t\t\t\t\t\t<div class=\"elementor-element elementor-element-77e5f6d elementor-widget elementor-widget-text-editor\" data-id=\"77e5f6d\" data-element_type=\"widget\" data-widget_type=\"text-editor.default\">\n\t\t\t\t<div class=\"elementor-widget-container\">\n\t\t\t\t\t\t\t\t\t<p class=\"adsimple-122846908\">Informationen \u00fcber den Diensteanbieter.<\/p><p>MK-7 [SEVEN] Consulting GmbH<\/p><p class=\"adsimple-122846908\">Herrengasse 19,<br \/>8010 Graz,<br \/>\u00d6sterreich<\/p><p><strong>Tel.:<\/strong>\u00a0+43 664 927 81 10<br \/><strong>E-Mail:<\/strong>\u00a0<a href=\"mailto:office@mk-7.at\">office@mk-7.at<\/a><\/p><p><strong>Firmenbuchnummer:<\/strong>\u00a0FN 508288 h<br \/><strong>Unternehmensgegenstand:<\/strong>\u00a0Unternehmensberatung<br \/><strong>UID-Nummer:<\/strong>\u00a0ATU74214824<\/p><p><strong>Gesch\u00e4ftsf\u00fchrer:<\/strong>\u00a0Herr Mag. Kotter Michael, Herr Prei\u00df Gottfried<br \/><strong>Beteiligungsverh\u00e4ltnisse:<\/strong>\u00a0Herr Mag. Kotter Michael Anteil: 74,90%, Herr Prei\u00df Gottfried Anteil: 25,10%<\/p><p><strong>E-Mail der Datenschutzstelle:<\/strong>\u00a0<a href=\"mailto:office@mk-7.at\">office@mk-7.at<\/a><br \/><strong>Tel.:<\/strong>\u00a0+43 664 927 81 10<br \/><strong>Impressum der Datenschutzstelle:<\/strong>\u00a0<a href=\"https:\/\/chalet-alpakablick.at\/en\/impressum\/\" target=\"_blank\" rel=\"noopener\">https:\/\/chalet-alpakablick.at\/impressum<\/a><\/p><h3 id=\"eu-streitschlichtung\" class=\"adsimple-122846908 fusion-responsive-typography-calculated\" data-fontsize=\"24\" data-lineheight=\"36px\">EU-Streitschlichtung<\/h3><p class=\"adsimple-122846908\">Gem\u00e4\u00df Verordnung \u00fcber Online-Streitbeilegung in Verbraucherangelegenheiten (ODR-Verordnung) m\u00f6chten wir Sie \u00fcber die Online-Streitbeilegungsplattform (OS-Plattform) informieren.<br \/>Verbraucher haben die M\u00f6glichkeit, Beschwerden an die Online Streitbeilegungsplattform der Europ\u00e4ischen Kommission unter\u00a0<a class=\"adsimple-122846908\" href=\"https:\/\/ec.europa.eu\/consumers\/odr\/main\/index.cfm?event=main.home2.show&amp;lng=DE\" target=\"_blank\" rel=\"follow noopener\">https:\/\/ec.europa.eu\/consumers\/odr\/main\/index.cfm?event=main.home2.show&amp;lng=DE<\/a>\u00a0zu richten. Die daf\u00fcr notwendigen Kontaktdaten finden Sie oberhalb in unserem Impressum.<\/p><p class=\"adsimple-122846908\">Wir m\u00f6chten Sie jedoch darauf hinweisen, dass wir nicht bereit oder verpflichtet sind, an Streitbeilegungsverfahren vor einer Verbraucherschlichtungsstelle teilzunehmen.<\/p><h3 id=\"haftung-fur-inhalte-dieser-website\" class=\"adsimple-122846908 fusion-responsive-typography-calculated\" data-fontsize=\"24\" data-lineheight=\"36px\">Haftung f\u00fcr Inhalte dieser Website<\/h3><p class=\"adsimple-122846908\">Wir entwickeln die Inhalte dieser Website st\u00e4ndig weiter und bem\u00fchen uns korrekte und aktuelle Informationen bereitzustellen. Leider k\u00f6nnen wir keine Haftung f\u00fcr die Korrektheit aller Inhalte auf dieser Website \u00fcbernehmen, speziell f\u00fcr jene, die seitens Dritter bereitgestellt wurden. Als Diensteanbieter sind wir nicht verpflichtet, die von Ihnen \u00fcbermittelten oder gespeicherten Informationen zu \u00fcberwachen oder nach Umst\u00e4nden zu forschen, die auf eine rechtswidrige T\u00e4tigkeit hinweisen.<\/p><p class=\"adsimple-122846908\">Unsere Verpflichtungen zur Entfernung von Informationen oder zur Sperrung der Nutzung von Informationen nach den allgemeinen Gesetzen aufgrund von gerichtlichen oder beh\u00f6rdlichen Anordnungen bleiben auch im Falle unserer Nichtverantwortlichkeit davon unber\u00fchrt.<\/p><p class=\"adsimple-122846908\">Sollten Ihnen problematische oder rechtswidrige Inhalte auffallen, bitte wir Sie uns umgehend zu kontaktieren, damit wir die rechtswidrigen Inhalte entfernen k\u00f6nnen. Sie finden die Kontaktdaten im Impressum.<\/p><h3 id=\"haftung-links-auf-dieser-website\" class=\"adsimple-122846908 fusion-responsive-typography-calculated\" data-fontsize=\"24\" data-lineheight=\"36px\">Haftung f\u00fcr Links auf dieser Website<\/h3><p class=\"adsimple-122846908\">Unsere Website enth\u00e4lt Links zu anderen Websites f\u00fcr deren Inhalt wir nicht verantwortlich sind. Haftung f\u00fcr verlinkte Websites besteht f\u00fcr uns nicht, da wir keine Kenntnis rechtswidriger T\u00e4tigkeiten hatten und haben, uns solche Rechtswidrigkeiten auch bisher nicht aufgefallen sind und wir Links sofort entfernen w\u00fcrden, wenn uns Rechtswidrigkeiten bekannt werden.<\/p><p class=\"adsimple-122846908\">Wenn Ihnen rechtswidrige Links auf unserer Website auffallen, bitte wir Sie uns zu kontaktieren. Sie finden die Kontaktdaten im Impressum.<\/p><h3 id=\"urheberrechtshinweis\" class=\"adsimple-122846908 fusion-responsive-typography-calculated\" data-fontsize=\"24\" data-lineheight=\"36px\">Urheberrechtshinweis<\/h3><p class=\"adsimple-122846908\">Alle Inhalte dieser Webseite (Bilder, Fotos, Texte, Videos) unterliegen dem Urheberrecht. Bitte fragen Sie uns bevor Sie die Inhalte dieser Website verbreiten, vervielf\u00e4ltigen oder verwerten wie zum Beispiel auf anderen Websites erneut ver\u00f6ffentlichen. Falls notwendig, werden wir die unerlaubte Nutzung von Teilen der Inhalte unserer Seite rechtlich verfolgen.<\/p><p class=\"adsimple-122846908\">Sollten Sie auf dieser Webseite Inhalte finden, die das Urheberrecht verletzen, bitten wir Sie uns zu kontaktieren.<\/p><p>Alle Texte sind urheberrechtlich gesch\u00fctzt.<\/p><p>Quelle: Erstellt mit dem\u00a0<a title=\"Impressum Generator \u00d6sterreich von AdSimple\" href=\"https:\/\/www.adsimple.at\/impressum-generator\/\">Impressum Generator \u00d6sterreich<\/a>\u00a0von AdSimple<\/p>\t\t\t\t\t\t\t\t<\/div>\n\t\t\t\t<\/div>\n\t\t\t\t\t<\/div>\n\t\t<\/div>\n\t\t\t\t\t<\/div>\n\t\t<\/section>\n\t\t\t\t<\/div>","protected":false},"excerpt":{"rendered":"<p>Impressum Informationen \u00fcber den Diensteanbieter. MK-7 [SEVEN] Consulting GmbH Herrengasse 19,8010 Graz,\u00d6sterreich Tel.:\u00a0+43 664 927 81 10E-Mail:\u00a0office@mk-7.at Firmenbuchnummer:\u00a0FN 508288 hUnternehmensgegenstand:\u00a0UnternehmensberatungUID-Nummer:\u00a0ATU74214824 Gesch\u00e4ftsf\u00fchrer:\u00a0Herr Mag. Kotter Michael, Herr Prei\u00df GottfriedBeteiligungsverh\u00e4ltnisse:\u00a0Herr Mag. Kotter Michael Anteil: 74,90%, Herr Prei\u00df Gottfried Anteil: 25,10% E-Mail der Datenschutzstelle:\u00a0office@mk-7.atTel.:\u00a0+43 664 927 81 10Impressum der Datenschutzstelle:\u00a0https:\/\/chalet-alpakablick.at\/impressum EU-Streitschlichtung Gem\u00e4\u00df Verordnung \u00fcber Online-Streitbeilegung in Verbraucherangelegenheiten (ODR-Verordnung) m\u00f6chten [&hellip;]<\/p>","protected":false},"author":2,"featured_media":0,"parent":0,"menu_order":0,"comment_status":"closed","ping_status":"closed","template":"","meta":{"footnotes":""},"class_list":["post-481","page","type-page","status-publish","hentry"],"jetpack_sharing_enabled":true,"_links":{"self":[{"href":"https:\/\/chalet-alpakablick.at\/en\/wp-json\/wp\/v2\/pages\/481","targetHints":{"allow":["GET"]}}],"collection":[{"href":"https:\/\/chalet-alpakablick.at\/en\/wp-json\/wp\/v2\/pages"}],"about":[{"href":"https:\/\/chalet-alpakablick.at\/en\/wp-json\/wp\/v2\/types\/page"}],"author":[{"embeddable":true,"href":"https:\/\/chalet-alpakablick.at\/en\/wp-json\/wp\/v2\/users\/2"}],"replies":[{"embeddable":true,"href":"https:\/\/chalet-alpakablick.at\/en\/wp-json\/wp\/v2\/comments?post=481"}],"version-history":[{"count":4,"href":"https:\/\/chalet-alpakablick.at\/en\/wp-json\/wp\/v2\/pages\/481\/revisions"}],"predecessor-version":[{"id":487,"href":"https:\/\/chalet-alpakablick.at\/en\/wp-json\/wp\/v2\/pages\/481\/revisions\/487"}],"wp:attachment":[{"href":"https:\/\/chalet-alpakablick.at\/en\/wp-json\/wp\/v2\/media?parent=481"}],"curies":[{"name":"wp","href":"https:\/\/api.w.org\/{rel}","templated":true}]}}